{"id":40,"date":"2020-08-20T17:49:59","date_gmt":"2020-08-20T17:49:59","guid":{"rendered":"https:\/\/gamzedagar.com.tr\/?page_id=40"},"modified":"2023-10-19T15:13:31","modified_gmt":"2023-10-19T15:13:31","slug":"services","status":"publish","type":"page","link":"https:\/\/gamzedagar.com.tr\/?page_id=40","title":{"rendered":"Hakk\u0131mda"},"content":{"rendered":"<p><div class=\"fusion-fullwidth fullwidth-box fusion-builder-row-1 fusion-flex-container has-pattern-background has-mask-background nonhundred-percent-fullwidth non-hundred-percent-height-scrolling\" style=\"--awb-border-color:#ffffff;--awb-border-radius-top-left:0px;--awb-border-radius-top-right:0px;--awb-border-radius-bottom-right:0px;--awb-border-radius-bottom-left:0px;--awb-padding-top:60px;--awb-padding-bottom:90px;--awb-padding-bottom-medium:60px;--awb-padding-bottom-small:40px;--awb-background-color:#ffffff;--awb-background-image:linear-gradient(270deg, var(--awb-color2) 90%,var(--awb-color1) 90%);--awb-flex-wrap:wrap;\" ><div class=\"fusion-builder-row fusion-row fusion-flex-align-items-center fusion-flex-justify-content-center fusion-flex-content-wrap\" style=\"max-width:1310.4px;margin-left: calc(-4% \/ 2 );margin-right: calc(-4% \/ 2 );\"><div class=\"fusion-layout-column fusion_builder_column fusion-builder-column-0 fusion_builder_column_2_5 2_5 fusion-flex-column\" style=\"--awb-bg-size:cover;--awb-width-large:40%;--awb-margin-top-large:0px;--awb-spacing-right-large:9.6%;--awb-margin-bottom-large:0px;--awb-spacing-left-large:4.8%;--awb-width-medium:50%;--awb-order-medium:0;--awb-spacing-right-medium:7.68%;--awb-spacing-left-medium:3.84%;--awb-width-small:100%;--awb-order-small:0;--awb-spacing-right-small:1.92%;--awb-margin-bottom-small:30px;--awb-spacing-left-small:1.92%;\"><div class=\"fusion-column-wrapper fusion-column-has-shadow fusion-flex-justify-content-center fusion-content-layout-column\"><div class=\"fusion-image-element \" style=\"--awb-caption-title-font-family:var(--h2_typography-font-family);--awb-caption-title-font-weight:var(--h2_typography-font-weight);--awb-caption-title-font-style:var(--h2_typography-font-style);--awb-caption-title-size:var(--h2_typography-font-size);--awb-caption-title-transform:var(--h2_typography-text-transform);--awb-caption-title-line-height:var(--h2_typography-line-height);--awb-caption-title-letter-spacing:var(--h2_typography-letter-spacing);\"><span class=\" fusion-imageframe imageframe-none imageframe-1 hover-type-none\" style=\"border-radius:12px;\"><img decoding=\"async\" width=\"300\" height=\"233\" title=\"Ads\u0131z\" src=\"data:image\/svg+xml,%3Csvg%20xmlns%3D%27http%3A%2F%2Fwww.w3.org%2F2000%2Fsvg%27%20width%3D%27492%27%20height%3D%27382%27%20viewBox%3D%270%200%20492%20382%27%3E%3Crect%20width%3D%27492%27%20height%3D%27382%27%20fill-opacity%3D%220%22%2F%3E%3C%2Fsvg%3E\" data-orig-src=\"https:\/\/gamzedagar.com.tr\/wp-content\/uploads\/2023\/05\/Adsiz-300x233.jpg\" alt class=\"lazyload img-responsive wp-image-55\"\/><\/span><\/div><\/div><\/div><div class=\"fusion-layout-column fusion_builder_column fusion-builder-column-1 fusion_builder_column_3_5 3_5 fusion-flex-column\" style=\"--awb-bg-size:cover;--awb-width-large:60%;--awb-margin-top-large:20px;--awb-spacing-right-large:3.2%;--awb-margin-bottom-large:20px;--awb-spacing-left-large:6.4%;--awb-width-medium:50%;--awb-spacing-right-medium:30px;--awb-spacing-left-medium:30px;--awb-width-small:80%;--awb-spacing-right-small:0px;--awb-margin-bottom-small:10px;--awb-spacing-left-small:0px;\"><div class=\"fusion-column-wrapper fusion-column-has-shadow fusion-flex-justify-content-flex-start fusion-content-layout-column\"><div class=\"fusion-title title fusion-title-1 fusion-sep-none fusion-title-text fusion-title-size-six\" style=\"--awb-margin-top:12px;--awb-margin-bottom:4px;--awb-margin-top-small:4px;--awb-margin-bottom-small:4px;--awb-margin-top-medium:4px;--awb-margin-bottom-medium:4px;\"><h6 class=\"fusion-title-heading title-heading-left fusion-responsive-typography-calculated\" style=\"margin:0;--fontSize:14;--minFontSize:14;line-height:1.5;\"><p>\u0130stanbul Arel \u00dcniversitesi\u2019nde 2015\u2019te psikoloji lisans\u0131m\u0131, 2019\u2019da Klinik Psikoloji\u2019de uzmanl\u0131\u011f\u0131m\u0131 tamamlad\u0131m. Uzmanl\u0131k tezimi, 2017\u2019de birlikte \u00e7al\u0131\u015ft\u0131\u011f\u0131m N\u00f6roloji Profes\u00f6r\u00fc ve Psikiyatri Profes\u00f6r\u00fc ile takip etti\u011fim hastalardan esinlenerek<strong><em> &#8220;Ki\u015filik<\/em> \u00f6zelliklerinin ve iyi olu\u015fun, gerilim tipi ba\u015f a\u011fr\u0131s\u0131 \u00fczerindeki etkisi&#8221;<\/strong> adl\u0131 konu \u00fczerine yazd\u0131m. Klinik Psikolog olarak 2016\u2019dan beri \u00e7al\u0131\u015fmaktay\u0131m; ilk deneyimimi Ni\u015fanta\u015f\u0131 Doktorlar Merkezinde yakla\u015f\u0131k 5 sene \u00e7al\u0131\u015farak tamamlad\u0131m. \u015eu an kendi klini\u011fimde dan\u0131\u015fanlar\u0131ma hizmet vermekteyim.<\/p>\n<p>2018 y\u0131l\u0131nda kaleme ald\u0131\u011f\u0131m &#8221;Mavi Balina &#8216;Blue Whale&#8217; Oyunu&#8221; adl\u0131 yaz\u0131ma g\u00f6sterilen ilgiyle, Ntv Kanal\u0131n\u0131n talebi \u00fczerine r\u00f6portaj verdim. Ergen ve yeti\u015fkin ya\u015f gurubundaki bireyler ile \u00e7al\u0131\u015fmaya devam ettim. \u00c7al\u0131\u015fmalar\u0131m\u0131 s\u00fcrd\u00fcr\u00fcrken, ba\u011f\u0131ml\u0131l\u0131k \u00e7al\u0131\u015fmalar\u0131na ek olarak ili\u015fki terapisi, kayg\u0131 bozukluklar\u0131, duygudurum bozukluklar\u0131 gibi konular \u00fczerinde hizmet vermeyi s\u00fcrd\u00fcrmekteyim.<\/p>\n<p>Psikoterapi hizmetinin yan\u0131s\u0131ra N\u00f6ropsikoloji alan\u0131nda da \u00e7al\u0131\u015fmaktay\u0131m. A\u011f\u0131rl\u0131kl\u0131 olarak 40 ya\u015f \u00fcst\u00fc bireylere, unutkanl\u0131k ve dikkat \u015fikayetleri \u00f6ncelikli olmak \u00fczere, N\u00f6ropsikolojik Testler (Batarya) uygulamaktay\u0131m. N\u00f6roloji ile tamamlay\u0131c\u0131 bir disiplin halinde halen \u00e7al\u0131\u015fmaktay\u0131m.<br \/>\nProf Dr. Tevfika \u0130kiz\u2019den alm\u0131\u015f oldu\u011fum Rorschach ve TAT ki\u015filik analizi testini aktif kullanmaktay\u0131m.<\/p><\/h6><\/div><\/div><\/div><\/div><\/div><div class=\"fusion-fullwidth fullwidth-box fusion-builder-row-2 fusion-flex-container has-pattern-background has-mask-background nonhundred-percent-fullwidth non-hundred-percent-height-scrolling\" style=\"--awb-border-radius-top-left:0px;--awb-border-radius-top-right:0px;--awb-border-radius-bottom-right:0px;--awb-border-radius-bottom-left:0px;--awb-flex-wrap:wrap;\" ><div class=\"fusion-builder-row fusion-row fusion-flex-align-items-flex-start fusion-flex-content-wrap\" style=\"max-width:1310.4px;margin-left: calc(-4% \/ 2 );margin-right: calc(-4% \/ 2 );\"><div class=\"fusion-layout-column fusion_builder_column fusion-builder-column-2 fusion_builder_column_4_5 4_5 fusion-flex-column\" style=\"--awb-bg-size:cover;--awb-width-large:80%;--awb-margin-top-large:20px;--awb-spacing-right-large:2.4%;--awb-margin-bottom-large:20px;--awb-spacing-left-large:2.4%;--awb-width-medium:80%;--awb-order-medium:0;--awb-spacing-right-medium:2.4%;--awb-spacing-left-medium:2.4%;--awb-width-small:100%;--awb-order-small:0;--awb-spacing-right-small:1.92%;--awb-spacing-left-small:1.92%;\"><div class=\"fusion-column-wrapper fusion-column-has-shadow fusion-flex-justify-content-flex-start fusion-content-layout-column\"><div class=\"fusion-text fusion-text-1\"><h4><strong>Yeti\u015fkin psikoterapisi ile ilgilenmekteyim. Psikoterapide s\u0131k takip etti\u011fim hastal\u0131klar aras\u0131nda:<\/strong><\/h4>\n<\/div><\/div><\/div><div class=\"fusion-layout-column fusion_builder_column fusion-builder-column-3 fusion_builder_column_1_3 1_3 fusion-flex-column\" style=\"--awb-bg-size:cover;--awb-width-large:33.333333333333%;--awb-margin-top-large:20px;--awb-spacing-right-large:5.76%;--awb-margin-bottom-large:20px;--awb-spacing-left-large:5.76%;--awb-width-medium:33.333333333333%;--awb-order-medium:0;--awb-spacing-right-medium:5.76%;--awb-spacing-left-medium:5.76%;--awb-width-small:100%;--awb-order-small:0;--awb-spacing-right-small:1.92%;--awb-spacing-left-small:1.92%;\"><div class=\"fusion-column-wrapper fusion-column-has-shadow fusion-flex-justify-content-flex-start fusion-content-layout-column\"><div class=\"fusion-text fusion-text-2\"><h5>a. Beden Dismorfik Bozukluk,<br \/>\nb. Duygudurum bozukluklar\u0131 ve sosyal adaptasyon,<br \/>\nc. Anksiyete bozukluklar\u0131,<br \/>\nd. Madde kullan\u0131m\u0131 ve bozukluklar\u0131,<br \/>\ne. \u00d6zg\u00fcl Fobiler<\/h5>\n<\/div><\/div><\/div><div class=\"fusion-layout-column fusion_builder_column fusion-builder-column-4 fusion_builder_column_1_3 1_3 fusion-flex-column\" style=\"--awb-bg-size:cover;--awb-width-large:33.333333333333%;--awb-margin-top-large:20px;--awb-spacing-right-large:5.76%;--awb-margin-bottom-large:20px;--awb-spacing-left-large:5.76%;--awb-width-medium:33.333333333333%;--awb-order-medium:0;--awb-spacing-right-medium:5.76%;--awb-spacing-left-medium:5.76%;--awb-width-small:100%;--awb-order-small:0;--awb-spacing-right-small:1.92%;--awb-spacing-left-small:1.92%;\"><div class=\"fusion-column-wrapper fusion-column-has-shadow fusion-flex-justify-content-flex-start fusion-content-layout-column\"><div class=\"fusion-text fusion-text-3\"><h5>f. Obsesif &#8211; Kompulsif Bozukluk<br \/>\ng. Travma Sonras\u0131 Stres Bozuklu\u011fu<br \/>\nh. \u00d6zg\u00fcven \/ At\u0131lganl\u0131k \u00c7al\u0131\u015fmalar\u0131<br \/>\ni. \u00d6fke Kontrol\u00fc<br \/>\nj. Stres Y\u00f6netimi<\/h5>\n<\/div><\/div><\/div><div class=\"fusion-layout-column fusion_builder_column fusion-builder-column-5 fusion_builder_column_1_3 1_3 fusion-flex-column\" style=\"--awb-bg-size:cover;--awb-width-large:33.333333333333%;--awb-margin-top-large:20px;--awb-spacing-right-large:5.76%;--awb-margin-bottom-large:20px;--awb-spacing-left-large:5.76%;--awb-width-medium:33.333333333333%;--awb-order-medium:0;--awb-spacing-right-medium:5.76%;--awb-spacing-left-medium:5.76%;--awb-width-small:100%;--awb-order-small:0;--awb-spacing-right-small:1.92%;--awb-spacing-left-small:1.92%;\"><div class=\"fusion-column-wrapper fusion-column-has-shadow fusion-flex-justify-content-flex-start fusion-content-layout-column\"><div class=\"fusion-text fusion-text-4\"><h5>j. Stres Y\u00f6netimi<br \/>\nk. Fibromiyalji<br \/>\nl. Ki\u015filik Bozukluklar\u0131<br \/>\nm. \u0130leti\u015fim Problemleri<br \/>\nn. \u0130li\u015fki Problemleri<\/h5>\n<\/div><\/div><\/div><\/div><\/div><div class=\"fusion-fullwidth fullwidth-box fusion-builder-row-3 fusion-flex-container has-pattern-background has-mask-background nonhundred-percent-fullwidth non-hundred-percent-height-scrolling\" style=\"--awb-border-radius-top-left:0px;--awb-border-radius-top-right:0px;--awb-border-radius-bottom-right:0px;--awb-border-radius-bottom-left:0px;--awb-flex-wrap:wrap;\" ><div class=\"fusion-builder-row fusion-row fusion-flex-align-items-flex-start fusion-flex-content-wrap\" style=\"max-width:1310.4px;margin-left: calc(-4% \/ 2 );margin-right: calc(-4% \/ 2 );\"><div class=\"fusion-layout-column fusion_builder_column fusion-builder-column-6 fusion_builder_column_1_2 1_2 fusion-flex-column\" style=\"--awb-bg-size:cover;--awb-width-large:50%;--awb-margin-top-large:20px;--awb-spacing-right-large:3.84%;--awb-margin-bottom-large:20px;--awb-spacing-left-large:3.84%;--awb-width-medium:50%;--awb-order-medium:0;--awb-spacing-right-medium:3.84%;--awb-spacing-left-medium:3.84%;--awb-width-small:100%;--awb-order-small:0;--awb-spacing-right-small:1.92%;--awb-spacing-left-small:1.92%;\"><div class=\"fusion-column-wrapper fusion-column-has-shadow fusion-flex-justify-content-flex-start fusion-content-layout-column\"><div class=\"fusion-text fusion-text-5\"><h4>\u0130\u015f Deneyimleri<\/h4>\n<p><strong>Be\u015fikta\u015f\u2019ta bulunan ofisinde psikoloji \u00e7al\u0131\u015fmalar\u0131n\u0131 s\u00fcrd\u00fcrmektedir. (01.01.2022)<\/strong><\/p>\n<p><strong>Well World Longevity &amp; Aesthetic Clinic, \u0130stanbul, (5\/2021 &#8211; 10\/2021)<\/strong><br \/>\nKlinik Psikolog<\/p>\n<p><strong>Doktorlar Merkezi, Istanbul, (11\/2016 \u2013 3\/2021)<\/strong><br \/>\nKlinik Psikolog<\/p>\n<p>N\u00f6ropsikolojik batarya ve psikanalitik testler (Rorschah, TAT) uygulanmas\u0131, Ki\u015filik Bozukluklar\u0131, Obsesif-Kompulsif Bozukluk, Anksiyete ve Duygudurum Bozukluklar\u0131, Alkol ve Madde Ba\u011f\u0131ml\u0131l\u0131\u011f\u0131 Bozukluklar\u0131, Travma Sonras\u0131 Stres Bozuklu\u011fu hastalar\u0131 ile \u00f6zellikle dinamik psikoterapi ekol\u00fc, B\u00fct\u00fcnc\u00fcl psikoterapi ekol\u00fcn\u00fc kullanmaktay\u0131m. N\u00f6rolojik olarak Demans, Hidrosefali, Parkinson Hastal\u0131\u011f\u0131, Alzheimer Hastal\u0131\u011f\u0131 hastalar\u0131n\u0131n te\u015fhis s\u00fcrecinde aktif rol oynamaktay\u0131m.<\/p>\n<p><strong>Kolan Hastanesi, Istanbul, (09\/2015 &#8211; 11\/2015)<\/strong><br \/>\nPsikolog Stajyer<\/p>\n<p><strong>Bak\u0131rk\u00f6y Ruh Ve Sinir Hastal\u0131klar\u0131 Hastanesi, Istanbul (03\/2014 &#8211; 08\/2014)<\/strong><br \/>\nPsikolog<\/p>\n<h4>E\u011fitim Bilgileri<\/h4>\n<h5>Y\u00fcksek Lisans<\/h5>\n<h6>Klinik Psikoloji<br \/>\nArel \u00dcniversitesi (2016- 2019) G.P.A: 3,39<br \/>\nMaster Tezi:<em> \u2018\u2018Ki\u015filik \u00d6zellikleri Ve Ontolojik Iyi Olu\u015fun, Gerilim Tipi Ba\u015f A\u011fr\u0131s\u0131 \u00dczerindeki Etkisinin \u0130ncelenmesi\u2019\u2019<\/em><\/h6>\n<h5>Lisans<\/h5>\n<h6>Psikoloji<br \/>\nArel \u00dcniversitesi (2011- 2015) G.P.A : 3,18<\/h6>\n<\/div><\/div><\/div><div class=\"fusion-layout-column fusion_builder_column fusion-builder-column-7 fusion_builder_column_1_2 1_2 fusion-flex-column\" style=\"--awb-bg-size:cover;--awb-width-large:50%;--awb-margin-top-large:20px;--awb-spacing-right-large:3.84%;--awb-margin-bottom-large:20px;--awb-spacing-left-large:3.84%;--awb-width-medium:50%;--awb-order-medium:0;--awb-spacing-right-medium:3.84%;--awb-spacing-left-medium:3.84%;--awb-width-small:100%;--awb-order-small:0;--awb-spacing-right-small:1.92%;--awb-spacing-left-small:1.92%;\"><div class=\"fusion-column-wrapper fusion-column-has-shadow fusion-flex-justify-content-flex-start fusion-content-layout-column\"><div class=\"fusion-text fusion-text-6\"><h4>Seminer ve Kongreler<\/h4>\n<p><strong>Istanbul Arel University (2013)<\/strong><br \/>\n<em>Madde Ba\u011f\u0131ml\u0131l\u0131\u011f\u0131 ve Rehabilitasyon, Psikoterapi S\u0131ras\u0131nda Duygu ve Mikro \u0130fadelerin \u0130ncelenmesi, Yeme Bozukluklar\u0131, Travma Sonras\u0131 Stres Bozuklu\u011fu,\u00a0 Yeti\u015fkinlikte, Do\u011fum \u00d6ncesi ve Do\u011fum Sonras\u0131 Ba\u011flanma Etkileri.<\/em><\/p>\n<p><strong>Bogazici \u00dcniversitesi (2013)<\/strong><br \/>\n<em>Uluslararas\u0131 Psikoloji Kongresi<br \/>\n<\/em><br \/>\n<strong>Hasan Kanyolcu University (2015)<\/strong><br \/>\n<em>Uluslararas\u0131 Psikoloji \u00d6\u011frencileri Kongresi<\/em><\/p>\n<p><strong>Istanbul \u00c7apa T\u0131p Fakultesi Hastanesi (2017-2018)<\/strong><br \/>\n<em>N\u00f6ropsikolojik Testler E\u011fitimi<\/em><\/p>\n<p><strong>Istanbul Psikanalitik Derne\u011fi (2018-2020)<\/strong><br \/>\n<em>Rorschach ve Projektif Testler E\u011fitimi<\/em><\/p>\n<p><strong>Y\u0131ld\u0131z Teknik \u00dcniversitesi (2015)<\/strong><br \/>\n<em>Pedagojik Formasyon E\u011fitimi<\/em><\/p>\n<h4>Dil Becerileri<\/h4>\n<p>English (Intermediate)<\/p>\n<\/div><\/div><\/div><\/div><\/div><\/p>\n","protected":false},"excerpt":{"rendered":"","protected":false},"author":1,"featured_media":0,"parent":0,"menu_order":0,"comment_status":"closed","ping_status":"closed","template":"100-width.php","meta":{"_joinchat":[],"footnotes":""},"class_list":["post-40","page","type-page","status-publish","hentry"],"yoast_head":"<!-- This site is optimized with the Yoast SEO plugin v27.6 - https:\/\/yoast.com\/product\/yoast-seo-wordpress\/ -->\n<title>Hakk\u0131mda - Gamze Da\u011far<\/title>\n<meta name=\"robots\" content=\"index, follow, max-snippet:-1, max-image-preview:large, max-video-preview:-1\" \/>\n<link rel=\"canonical\" href=\"https:\/\/gamzedagar.com.tr\/?page_id=40\" \/>\n<meta property=\"og:locale\" content=\"tr_TR\" \/>\n<meta property=\"og:type\" content=\"article\" \/>\n<meta property=\"og:title\" content=\"Hakk\u0131mda - Gamze Da\u011far\" \/>\n<meta property=\"og:url\" content=\"https:\/\/gamzedagar.com.tr\/?page_id=40\" \/>\n<meta property=\"og:site_name\" content=\"Gamze Da\u011far\" \/>\n<meta property=\"article:modified_time\" content=\"2023-10-19T15:13:31+00:00\" \/>\n<meta name=\"twitter:card\" content=\"summary_large_image\" \/>\n<meta name=\"twitter:label1\" content=\"Tahmini okuma s\u00fcresi\" \/>\n\t<meta name=\"twitter:data1\" content=\"28 dakika\" \/>\n<script type=\"application\/ld+json\" class=\"yoast-schema-graph\">{\"@context\":\"https:\\\/\\\/schema.org\",\"@graph\":[{\"@type\":\"WebPage\",\"@id\":\"https:\\\/\\\/gamzedagar.com.tr\\\/?page_id=40\",\"url\":\"https:\\\/\\\/gamzedagar.com.tr\\\/?page_id=40\",\"name\":\"Hakk\u0131mda - Gamze Da\u011far\",\"isPartOf\":{\"@id\":\"https:\\\/\\\/gamzedagar.com.tr\\\/#website\"},\"datePublished\":\"2020-08-20T17:49:59+00:00\",\"dateModified\":\"2023-10-19T15:13:31+00:00\",\"breadcrumb\":{\"@id\":\"https:\\\/\\\/gamzedagar.com.tr\\\/?page_id=40#breadcrumb\"},\"inLanguage\":\"tr\",\"potentialAction\":[{\"@type\":\"ReadAction\",\"target\":[\"https:\\\/\\\/gamzedagar.com.tr\\\/?page_id=40\"]}]},{\"@type\":\"BreadcrumbList\",\"@id\":\"https:\\\/\\\/gamzedagar.com.tr\\\/?page_id=40#breadcrumb\",\"itemListElement\":[{\"@type\":\"ListItem\",\"position\":1,\"name\":\"Anasayfa\",\"item\":\"https:\\\/\\\/gamzedagar.com.tr\\\/\"},{\"@type\":\"ListItem\",\"position\":2,\"name\":\"Hakk\u0131mda\"}]},{\"@type\":\"WebSite\",\"@id\":\"https:\\\/\\\/gamzedagar.com.tr\\\/#website\",\"url\":\"https:\\\/\\\/gamzedagar.com.tr\\\/\",\"name\":\"Gamze Da\u011far\",\"description\":\"Uzman Psikolog\",\"potentialAction\":[{\"@type\":\"SearchAction\",\"target\":{\"@type\":\"EntryPoint\",\"urlTemplate\":\"https:\\\/\\\/gamzedagar.com.tr\\\/?s={search_term_string}\"},\"query-input\":{\"@type\":\"PropertyValueSpecification\",\"valueRequired\":true,\"valueName\":\"search_term_string\"}}],\"inLanguage\":\"tr\"}]}<\/script>\n<!-- \/ Yoast SEO plugin. -->","yoast_head_json":{"title":"Hakk\u0131mda - Gamze Da\u011far","robots":{"index":"index","follow":"follow","max-snippet":"max-snippet:-1","max-image-preview":"max-image-preview:large","max-video-preview":"max-video-preview:-1"},"canonical":"https:\/\/gamzedagar.com.tr\/?page_id=40","og_locale":"tr_TR","og_type":"article","og_title":"Hakk\u0131mda - Gamze Da\u011far","og_url":"https:\/\/gamzedagar.com.tr\/?page_id=40","og_site_name":"Gamze Da\u011far","article_modified_time":"2023-10-19T15:13:31+00:00","twitter_card":"summary_large_image","twitter_misc":{"Tahmini okuma s\u00fcresi":"28 dakika"},"schema":{"@context":"https:\/\/schema.org","@graph":[{"@type":"WebPage","@id":"https:\/\/gamzedagar.com.tr\/?page_id=40","url":"https:\/\/gamzedagar.com.tr\/?page_id=40","name":"Hakk\u0131mda - Gamze Da\u011far","isPartOf":{"@id":"https:\/\/gamzedagar.com.tr\/#website"},"datePublished":"2020-08-20T17:49:59+00:00","dateModified":"2023-10-19T15:13:31+00:00","breadcrumb":{"@id":"https:\/\/gamzedagar.com.tr\/?page_id=40#breadcrumb"},"inLanguage":"tr","potentialAction":[{"@type":"ReadAction","target":["https:\/\/gamzedagar.com.tr\/?page_id=40"]}]},{"@type":"BreadcrumbList","@id":"https:\/\/gamzedagar.com.tr\/?page_id=40#breadcrumb","itemListElement":[{"@type":"ListItem","position":1,"name":"Anasayfa","item":"https:\/\/gamzedagar.com.tr\/"},{"@type":"ListItem","position":2,"name":"Hakk\u0131mda"}]},{"@type":"WebSite","@id":"https:\/\/gamzedagar.com.tr\/#website","url":"https:\/\/gamzedagar.com.tr\/","name":"Gamze Da\u011far","description":"Uzman Psikolog","potentialAction":[{"@type":"SearchAction","target":{"@type":"EntryPoint","urlTemplate":"https:\/\/gamzedagar.com.tr\/?s={search_term_string}"},"query-input":{"@type":"PropertyValueSpecification","valueRequired":true,"valueName":"search_term_string"}}],"inLanguage":"tr"}]}},"_links":{"self":[{"href":"https:\/\/gamzedagar.com.tr\/index.php?rest_route=\/wp\/v2\/pages\/40","targetHints":{"allow":["GET"]}}],"collection":[{"href":"https:\/\/gamzedagar.com.tr\/index.php?rest_route=\/wp\/v2\/pages"}],"about":[{"href":"https:\/\/gamzedagar.com.tr\/index.php?rest_route=\/wp\/v2\/types\/page"}],"author":[{"embeddable":true,"href":"https:\/\/gamzedagar.com.tr\/index.php?rest_route=\/wp\/v2\/users\/1"}],"replies":[{"embeddable":true,"href":"https:\/\/gamzedagar.com.tr\/index.php?rest_route=%2Fwp%2Fv2%2Fcomments&post=40"}],"version-history":[{"count":23,"href":"https:\/\/gamzedagar.com.tr\/index.php?rest_route=\/wp\/v2\/pages\/40\/revisions"}],"predecessor-version":[{"id":2523,"href":"https:\/\/gamzedagar.com.tr\/index.php?rest_route=\/wp\/v2\/pages\/40\/revisions\/2523"}],"wp:attachment":[{"href":"https:\/\/gamzedagar.com.tr\/index.php?rest_route=%2Fwp%2Fv2%2Fmedia&parent=40"}],"curies":[{"name":"wp","href":"https:\/\/api.w.org\/{rel}","templated":true}]}}